{"id":8575,"date":"2022-05-29T10:39:46","date_gmt":"2022-05-29T10:39:46","guid":{"rendered":"https:\/\/htmlgift.com\/medinik\/?page_id=8575"},"modified":"2024-02-26T06:22:46","modified_gmt":"2024-02-26T05:22:46","slug":"ginecologia","status":"publish","type":"page","link":"https:\/\/dradanielaarias.com\/index.php\/ginecologia\/","title":{"rendered":"Ginecolog\u00eda"},"content":{"rendered":"\t\t<div data-elementor-type=\"wp-page\" data-elementor-id=\"8575\" class=\"elementor elementor-8575\" data-elementor-post-type=\"page\">\n\t\t\t\t\t\t\t<div class=\"elementor-element elementor-element-78bdde65 e-flex e-con-boxed e-con e-parent\" data-id=\"78bdde65\" data-element_type=\"container\" data-settings=\"{&quot;background_background&quot;:&quot;classic&quot;,&quot;content_width&quot;:&quot;boxed&quot;}\" data-core-v316-plus=\"true\">\n\t\t\t\t\t<div class=\"e-con-inner\">\n\t\t<div class=\"elementor-element elementor-element-3d2c5788 e-con-full e-flex e-con e-child\" data-id=\"3d2c5788\" data-element_type=\"container\" data-settings=\"{&quot;content_width&quot;:&quot;full&quot;}\">\n\t\t\t\t<div class=\"elementor-element elementor-element-1bc211b2 elementor-invisible elementor-widget elementor-widget-heading\" data-id=\"1bc211b2\" data-element_type=\"widget\" data-settings=\"{&quot;_animation&quot;:&quot;fadeIn&quot;}\" data-widget_type=\"heading.default\">\n\t\t\t\t<div class=\"elementor-widget-container\">\n\t\t\t<style>\/*! elementor - v3.18.0 - 20-12-2023 *\/\n.elementor-heading-title{padding:0;margin:0;line-height:1}.elementor-widget-heading .elementor-heading-title[class*=elementor-size-]>a{color:inherit;font-size:inherit;line-height:inherit}.elementor-widget-heading .elementor-heading-title.elementor-size-small{font-size:15px}.elementor-widget-heading .elementor-heading-title.elementor-size-medium{font-size:19px}.elementor-widget-heading .elementor-heading-title.elementor-size-large{font-size:29px}.elementor-widget-heading .elementor-heading-title.elementor-size-xl{font-size:39px}.elementor-widget-heading .elementor-heading-title.elementor-size-xxl{font-size:59px}<\/style><h1 class=\"elementor-heading-title elementor-size-default\">Descubre el cuidado que mereces: <\/h1>\t\t<\/div>\n\t\t\t\t<\/div>\n\t\t\t\t<div class=\"elementor-element elementor-element-4e32adfb elementor-invisible elementor-widget elementor-widget-heading\" data-id=\"4e32adfb\" data-element_type=\"widget\" data-settings=\"{&quot;_animation&quot;:&quot;fadeIn&quot;,&quot;_animation_delay&quot;:200}\" data-widget_type=\"heading.default\">\n\t\t\t\t<div class=\"elementor-widget-container\">\n\t\t\t<h5 class=\"elementor-heading-title elementor-size-default\">Servicios ginecol\u00f3gicos que priorizan tu bienestar. Enfrentemos juntas cada etapa de tu salud femenina con profesionalismo, empat\u00eda y comprensi\u00f3n. \u00a1tu salud es nuestra prioridad<\/h5>\t\t<\/div>\n\t\t\t\t<\/div>\n\t\t\t\t<div class=\"elementor-element elementor-element-3ae599bf elementor-tablet-align-center elementor-mobile-align-center elementor-widget__width-inherit elementor-align-center elementor-invisible elementor-widget elementor-widget-button\" data-id=\"3ae599bf\" data-element_type=\"widget\" data-settings=\"{&quot;_animation&quot;:&quot;fadeIn&quot;,&quot;_animation_delay&quot;:400}\" data-widget_type=\"button.default\">\n\t\t\t\t<div class=\"elementor-widget-container\">\n\t\t\t\t\t<div class=\"elementor-button-wrapper\">\n\t\t\t<a class=\"elementor-button elementor-button-link elementor-size-sm\" href=\"https:\/\/dradanielaarias.com\">\n\t\t\t\t\t\t<span class=\"elementor-button-content-wrapper\">\n\t\t\t\t\t\t<span class=\"elementor-button-text\">Agendar cita<\/span>\n\t\t<\/span>\n\t\t\t\t\t<\/a>\n\t\t<\/div>\n\t\t\t\t<\/div>\n\t\t\t\t<\/div>\n\t\t\t\t<\/div>\n\t\t<div class=\"elementor-element elementor-element-1d79ba0c e-con-full e-flex e-con e-child\" data-id=\"1d79ba0c\" data-element_type=\"container\" data-settings=\"{&quot;content_width&quot;:&quot;full&quot;,&quot;background_background&quot;:&quot;classic&quot;}\">\n\t\t\t\t<\/div>\n\t\t\t\t\t<\/div>\n\t\t\t\t<\/div>\n\t\t<div class=\"elementor-element elementor-element-55940ac e-flex e-con-boxed e-con e-parent\" data-id=\"55940ac\" data-element_type=\"container\" data-settings=\"{&quot;content_width&quot;:&quot;boxed&quot;}\" data-core-v316-plus=\"true\">\n\t\t\t\t\t<div class=\"e-con-inner\">\n\t\t\t\t<div class=\"elementor-element elementor-element-7715682 elementor-view-default elementor-widget elementor-widget-icon\" data-id=\"7715682\" data-element_type=\"widget\" data-widget_type=\"icon.default\">\n\t\t\t\t<div class=\"elementor-widget-container\">\n\t\t\t\t\t<div class=\"elementor-icon-wrapper\">\n\t\t\t<div class=\"elementor-icon\">\n\t\t\t<i aria-hidden=\"true\" class=\"fas fa-medal\"><\/i>\t\t\t<\/div>\n\t\t<\/div>\n\t\t\t\t<\/div>\n\t\t\t\t<\/div>\n\t\t\t\t<div class=\"elementor-element elementor-element-f465aa7 elementor-widget elementor-widget-heading\" data-id=\"f465aa7\" data-element_type=\"widget\" data-widget_type=\"heading.default\">\n\t\t\t\t<div class=\"elementor-widget-container\">\n\t\t\t<h2 class=\"elementor-heading-title elementor-size-default\">Servicios y Especialidades Ginecol\u00f3gicas<\/h2>\t\t<\/div>\n\t\t\t\t<\/div>\n\t\t\t\t\t<\/div>\n\t\t\t\t<\/div>\n\t\t\t\t<section class=\"elementor-section elementor-top-section elementor-element elementor-element-a40bf2c elementor-section-content-middle elementor-section-boxed elementor-section-height-default elementor-section-height-default\" data-id=\"a40bf2c\" data-element_type=\"section\">\n\t\t\t\t\t\t<div class=\"elementor-container elementor-column-gap-narrow\">\n\t\t\t\t\t<div class=\"elementor-column elementor-col-33 elementor-top-column elementor-element elementor-element-d1c2804\" data-id=\"d1c2804\" data-element_type=\"column\" data-settings=\"{&quot;background_background&quot;:&quot;classic&quot;}\">\n\t\t\t<div class=\"elementor-widget-wrap elementor-element-populated\">\n\t\t\t\t\t\t\t\t<div class=\"elementor-element elementor-element-9f11049 elementor-widget elementor-widget-medinik_videos_btn\" data-id=\"9f11049\" data-element_type=\"widget\" data-widget_type=\"medinik_videos_btn.default\">\n\t\t\t\t<div class=\"elementor-widget-container\">\n\t\t\t        <span class=\"video-link-icon\">    \n                 <span class=\"main-icon-color \"><\/span><p class=\"title-color\" style=\"display: inline-block; text-align:left;\" >Control ginecol\u00f3gico de rutina<\/p>                     \n\n                          <p class=\"text-color\"   style=\"text-align:left\";>No olvidar que Cada mujer debe hacerse un control anual, que consiste en: prevenci\u00f3n de C\u00e1ncer de cervix, mama, y ovarios, seg\u00fan tu edad y riesgo.<\/p>\n               \n\n        <\/span> \n        \t\t<\/div>\n\t\t\t\t<\/div>\n\t\t\t\t<div class=\"elementor-element elementor-element-1ca0e10 elementor-widget elementor-widget-medinik_videos_btn\" data-id=\"1ca0e10\" data-element_type=\"widget\" data-widget_type=\"medinik_videos_btn.default\">\n\t\t\t\t<div class=\"elementor-widget-container\">\n\t\t\t        <span class=\"video-link-icon\">    \n                 <span class=\"main-icon-color \"><\/span><p class=\"title-color\" style=\"display: inline-block; text-align:left;\" >Papanicolaou - PCR HPV<\/p>                     \n\n                          <p class=\"text-color\"   style=\"text-align:left\";>Examen para detecci\u00f3n temprana de c\u00e1ncer de cuello uterino.<\/p>\n               \n\n        <\/span> \n        \t\t<\/div>\n\t\t\t\t<\/div>\n\t\t\t\t<div class=\"elementor-element elementor-element-e54413f elementor-widget elementor-widget-medinik_videos_btn\" data-id=\"e54413f\" data-element_type=\"widget\" data-widget_type=\"medinik_videos_btn.default\">\n\t\t\t\t<div class=\"elementor-widget-container\">\n\t\t\t        <span class=\"video-link-icon\">    \n                 <span class=\"main-icon-color \"><\/span><p class=\"title-color\" style=\"display: inline-block; text-align:left;\" >Colposcopia y\/o biopsia<\/p>                     \n\n                          <p class=\"text-color\"   style=\"text-align:left\";>Estudio amplificado de las lesiones de cuello uterino para descartar patolog\u00eda cervical<\/p>\n               \n\n        <\/span> \n        \t\t<\/div>\n\t\t\t\t<\/div>\n\t\t\t\t\t<\/div>\n\t\t<\/div>\n\t\t\t\t<div class=\"elementor-column elementor-col-33 elementor-top-column elementor-element elementor-element-15876f2\" data-id=\"15876f2\" data-element_type=\"column\">\n\t\t\t<div class=\"elementor-widget-wrap elementor-element-populated\">\n\t\t\t\t\t\t\t\t<div class=\"elementor-element elementor-element-cbce598 elementor-widget elementor-widget-medinik_videos_btn\" data-id=\"cbce598\" data-element_type=\"widget\" data-widget_type=\"medinik_videos_btn.default\">\n\t\t\t\t<div class=\"elementor-widget-container\">\n\t\t\t        <span class=\"video-link-icon\">    \n                 <span class=\"main-icon-color \"><\/span><p class=\"title-color\" style=\"display: inline-block; text-align:left;\" >Anticoncepci\u00f3n<\/p>                     \n\n                          <p class=\"text-color\"   style=\"text-align:left\";>control para elegir el m\u00e9todo anticonceptivo ideal para cada mujer. No todo es para todas<\/p>\n               \n\n        <\/span> \n        \t\t<\/div>\n\t\t\t\t<\/div>\n\t\t\t\t<div class=\"elementor-element elementor-element-481d252 elementor-widget elementor-widget-medinik_videos_btn\" data-id=\"481d252\" data-element_type=\"widget\" data-widget_type=\"medinik_videos_btn.default\">\n\t\t\t\t<div class=\"elementor-widget-container\">\n\t\t\t        <span class=\"video-link-icon\">    \n                 <span class=\"main-icon-color \"><\/span><p class=\"title-color\" style=\"display: inline-block; text-align:left;\" >ETS<\/p>                     \n\n                          <p class=\"text-color\"   style=\"text-align:left\";>Tratamiento de enfermedades de transmisi\u00f3n sexual<\/p>\n               \n\n        <\/span> \n        \t\t<\/div>\n\t\t\t\t<\/div>\n\t\t\t\t<div class=\"elementor-element elementor-element-5dac9fd elementor-widget elementor-widget-medinik_videos_btn\" data-id=\"5dac9fd\" data-element_type=\"widget\" data-widget_type=\"medinik_videos_btn.default\">\n\t\t\t\t<div class=\"elementor-widget-container\">\n\t\t\t        <span class=\"video-link-icon\">    \n                 <span class=\"main-icon-color \"><\/span><p class=\"title-color\" style=\"display: inline-block; text-align:left;\" >Ecograf\u00eda transvaginal y p\u00e9lvica<\/p>                     \n\n                          <p class=\"text-color\"   style=\"text-align:left\";>M\u00e9todo para valorar tu \u00fatero y ovarios seg\u00fan tus requerimientos<\/p>\n               \n\n        <\/span> \n        \t\t<\/div>\n\t\t\t\t<\/div>\n\t\t\t\t\t<\/div>\n\t\t<\/div>\n\t\t\t\t<div class=\"elementor-column elementor-col-33 elementor-top-column elementor-element elementor-element-f4e4a2e\" data-id=\"f4e4a2e\" data-element_type=\"column\">\n\t\t\t<div class=\"elementor-widget-wrap elementor-element-populated\">\n\t\t\t\t\t\t\t\t<div class=\"elementor-element elementor-element-a631ce3 elementor-widget elementor-widget-medinik_videos_btn\" data-id=\"a631ce3\" data-element_type=\"widget\" data-widget_type=\"medinik_videos_btn.default\">\n\t\t\t\t<div class=\"elementor-widget-container\">\n\t\t\t        <span class=\"video-link-icon\">    \n                 <span class=\"main-icon-color \"><\/span><p class=\"title-color\" style=\"display: inline-block; text-align:left;\" >Electrofulgaracion<\/p>                     \n\n                          <p class=\"text-color\"   style=\"text-align:left\";>De lesiones vaginales (verrugas) y lesiones leves de cervix<\/p>\n               \n\n        <\/span> \n        \t\t<\/div>\n\t\t\t\t<\/div>\n\t\t\t\t<div class=\"elementor-element elementor-element-62d6926 elementor-widget elementor-widget-medinik_videos_btn\" data-id=\"62d6926\" data-element_type=\"widget\" data-widget_type=\"medinik_videos_btn.default\">\n\t\t\t\t<div class=\"elementor-widget-container\">\n\t\t\t        <span class=\"video-link-icon\">    \n                 <span class=\"main-icon-color \"><\/span><p class=\"title-color\" style=\"display: inline-block; text-align:left;\" >Parto y ces\u00e1rea<\/p>                     \n\n                          <p class=\"text-color\"   style=\"text-align:left\";>En colaboraci\u00f3n con instituciones hospitalarias reconocidas en el pa\u00eds<\/p>\n               \n\n        <\/span> \n        \t\t<\/div>\n\t\t\t\t<\/div>\n\t\t\t\t<div class=\"elementor-element elementor-element-7bbfcbf elementor-widget elementor-widget-medinik_videos_btn\" data-id=\"7bbfcbf\" data-element_type=\"widget\" data-widget_type=\"medinik_videos_btn.default\">\n\t\t\t\t<div class=\"elementor-widget-container\">\n\t\t\t        <span class=\"video-link-icon\">    \n                 <span class=\"main-icon-color \"><\/span><p class=\"title-color\" style=\"display: inline-block; text-align:left;\" >T de cobre DIU<\/p>                     \n\n                          <p class=\"text-color\"   style=\"text-align:left\";>M\u00e9todo anticonceptivo de larga duraci\u00f3n NO hormonal<\/p>\n               \n\n        <\/span> \n        \t\t<\/div>\n\t\t\t\t<\/div>\n\t\t\t\t\t<\/div>\n\t\t<\/div>\n\t\t\t\t\t\t\t<\/div>\n\t\t<\/section>\n\t\t<div class=\"elementor-element elementor-element-49dba3a e-flex e-con-boxed e-con e-parent\" data-id=\"49dba3a\" data-element_type=\"container\" data-settings=\"{&quot;content_width&quot;:&quot;boxed&quot;}\" data-core-v316-plus=\"true\">\n\t\t\t\t\t<div class=\"e-con-inner\">\n\t\t<div class=\"elementor-element elementor-element-7c5c955 e-con-full e-flex e-con e-child\" data-id=\"7c5c955\" data-element_type=\"container\" data-settings=\"{&quot;content_width&quot;:&quot;full&quot;}\">\n\t\t\t\t<div class=\"elementor-element elementor-element-18bae6a elementor-widget elementor-widget-image\" data-id=\"18bae6a\" data-element_type=\"widget\" data-widget_type=\"image.default\">\n\t\t\t\t<div class=\"elementor-widget-container\">\n\t\t\t<style>\/*! elementor - v3.18.0 - 20-12-2023 *\/\n.elementor-widget-image{text-align:center}.elementor-widget-image a{display:inline-block}.elementor-widget-image a img[src$=\".svg\"]{width:48px}.elementor-widget-image img{vertical-align:middle;display:inline-block}<\/style>\t\t\t\t\t\t\t\t\t\t\t\t<img fetchpriority=\"high\" decoding=\"async\" width=\"550\" height=\"379\" src=\"https:\/\/dradanielaarias.com\/wp-content\/uploads\/2024\/01\/agape-mujer-valla-de-los-chillos-embarazo-ginecologa-ecografia.jpg\" class=\"attachment-large size-large wp-image-10743\" alt=\"agape mujer valla de los chillos embarazo ginecologia ecografia\" srcset=\"https:\/\/dradanielaarias.com\/wp-content\/uploads\/2024\/01\/agape-mujer-valla-de-los-chillos-embarazo-ginecologa-ecografia.jpg 550w, https:\/\/dradanielaarias.com\/wp-content\/uploads\/2024\/01\/agape-mujer-valla-de-los-chillos-embarazo-ginecologa-ecografia-300x207.jpg 300w\" sizes=\"(max-width: 550px) 100vw, 550px\" \/>\t\t\t\t\t\t\t\t\t\t\t\t\t\t\t<\/div>\n\t\t\t\t<\/div>\n\t\t\t\t<\/div>\n\t\t<div class=\"elementor-element elementor-element-17278d5 e-con-full e-flex e-con e-child\" data-id=\"17278d5\" data-element_type=\"container\" data-settings=\"{&quot;content_width&quot;:&quot;full&quot;}\">\n\t\t\t\t<div class=\"elementor-element elementor-element-8064e18 elementor-widget elementor-widget-heading\" data-id=\"8064e18\" data-element_type=\"widget\" data-widget_type=\"heading.default\">\n\t\t\t\t<div class=\"elementor-widget-container\">\n\t\t\t<h2 class=\"elementor-heading-title elementor-size-default\">Agenda tu cita<\/h2>\t\t<\/div>\n\t\t\t\t<\/div>\n\t\t\t\t<div class=\"elementor-element elementor-element-68fc8d0 elementor-view-default elementor-widget elementor-widget-icon\" data-id=\"68fc8d0\" data-element_type=\"widget\" data-widget_type=\"icon.default\">\n\t\t\t\t<div class=\"elementor-widget-container\">\n\t\t\t\t\t<div class=\"elementor-icon-wrapper\">\n\t\t\t<div class=\"elementor-icon\">\n\t\t\t<i aria-hidden=\"true\" class=\"fas fa-book-medical\"><\/i>\t\t\t<\/div>\n\t\t<\/div>\n\t\t\t\t<\/div>\n\t\t\t\t<\/div>\n\t\t\t\t<div class=\"elementor-element elementor-element-40fb528b elementor-icon-list--layout-inline elementor-align-center elementor-list-item-link-full_width elementor-widget elementor-widget-icon-list\" data-id=\"40fb528b\" data-element_type=\"widget\" data-widget_type=\"icon-list.default\">\n\t\t\t\t<div class=\"elementor-widget-container\">\n\t\t\t<link rel=\"stylesheet\" href=\"https:\/\/dradanielaarias.com\/wp-content\/plugins\/elementor\/assets\/css\/widget-icon-list.min.css\">\t\t<ul class=\"elementor-icon-list-items elementor-inline-items\">\n\t\t\t\t\t\t\t<li class=\"elementor-icon-list-item elementor-inline-item\">\n\t\t\t\t\t\t\t\t\t\t\t<a href=\"mailto:contact@mysite.com\">\n\n\t\t\t\t\t\t\t\t\t\t\t\t<span class=\"elementor-icon-list-icon\">\n\t\t\t\t\t\t\t<i aria-hidden=\"true\" class=\"fas fa-mail-bulk\"><\/i>\t\t\t\t\t\t<\/span>\n\t\t\t\t\t\t\t\t\t\t<span class=\"elementor-icon-list-text\">info@dradanielaarias.com<\/span>\n\t\t\t\t\t\t\t\t\t\t\t<\/a>\n\t\t\t\t\t\t\t\t\t<\/li>\n\t\t\t\t\t\t\t\t<li class=\"elementor-icon-list-item elementor-inline-item\">\n\t\t\t\t\t\t\t\t\t\t\t<a href=\"https:\/\/api.whatsapp.com\/send?phone=0995589913\">\n\n\t\t\t\t\t\t\t\t\t\t\t\t<span class=\"elementor-icon-list-icon\">\n\t\t\t\t\t\t\t<i aria-hidden=\"true\" class=\"fab fa-whatsapp\"><\/i>\t\t\t\t\t\t<\/span>\n\t\t\t\t\t\t\t\t\t\t<span class=\"elementor-icon-list-text\">0995589913<\/span>\n\t\t\t\t\t\t\t\t\t\t\t<\/a>\n\t\t\t\t\t\t\t\t\t<\/li>\n\t\t\t\t\t\t\t\t<li class=\"elementor-icon-list-item elementor-inline-item\">\n\t\t\t\t\t\t\t\t\t\t\t<a href=\"https:\/\/api.whatsapp.com\/send?phone=0998538109\">\n\n\t\t\t\t\t\t\t\t\t\t\t\t<span class=\"elementor-icon-list-icon\">\n\t\t\t\t\t\t\t<i aria-hidden=\"true\" class=\"fab fa-whatsapp\"><\/i>\t\t\t\t\t\t<\/span>\n\t\t\t\t\t\t\t\t\t\t<span class=\"elementor-icon-list-text\">0998538109<\/span>\n\t\t\t\t\t\t\t\t\t\t\t<\/a>\n\t\t\t\t\t\t\t\t\t<\/li>\n\t\t\t\t\t\t<\/ul>\n\t\t\t\t<\/div>\n\t\t\t\t<\/div>\n\t\t\t\t<\/div>\n\t\t\t\t\t<\/div>\n\t\t\t\t<\/div>\n\t\t<div class=\"elementor-element elementor-element-4f236c8b e-flex e-con-boxed e-con e-parent\" data-id=\"4f236c8b\" data-element_type=\"container\" data-settings=\"{&quot;background_background&quot;:&quot;classic&quot;,&quot;content_width&quot;:&quot;boxed&quot;}\" data-core-v316-plus=\"true\">\n\t\t\t\t\t<div class=\"e-con-inner\">\n\t\t\t\t\t<\/div>\n\t\t\t\t<\/div>\n\t\t\t\t<section class=\"elementor-section elementor-inner-section elementor-element elementor-element-79757b15 elementor-section-boxed elementor-section-height-default elementor-section-height-default elementor-invisible\" data-id=\"79757b15\" data-element_type=\"section\" data-settings=\"{&quot;background_background&quot;:&quot;classic&quot;,&quot;animation&quot;:&quot;fadeInUp&quot;}\">\n\t\t\t\t\t\t\t<div class=\"elementor-background-overlay\"><\/div>\n\t\t\t\t\t\t\t<div class=\"elementor-container elementor-column-gap-default\">\n\t\t\t\t\t<div class=\"elementor-column elementor-col-100 elementor-inner-column elementor-element elementor-element-5a9f36b4\" data-id=\"5a9f36b4\" data-element_type=\"column\">\n\t\t\t<div class=\"elementor-widget-wrap elementor-element-populated\">\n\t\t\t\t\t\t\t\t<div class=\"elementor-element elementor-element-765538f8 elementor-invisible elementor-widget elementor-widget-heading\" data-id=\"765538f8\" data-element_type=\"widget\" data-settings=\"{&quot;_animation&quot;:&quot;fadeInUp&quot;}\" data-widget_type=\"heading.default\">\n\t\t\t\t<div class=\"elementor-widget-container\">\n\t\t\t<p class=\"elementor-heading-title elementor-size-default\">10+  a\u00f1os de experiencia<\/p>\t\t<\/div>\n\t\t\t\t<\/div>\n\t\t\t\t<div class=\"elementor-element elementor-element-3437eee9 elementor-invisible elementor-widget elementor-widget-heading\" data-id=\"3437eee9\" data-element_type=\"widget\" data-settings=\"{&quot;_animation&quot;:&quot;fadeInUp&quot;}\" data-widget_type=\"heading.default\">\n\t\t\t\t<div class=\"elementor-widget-container\">\n\t\t\t<h2 class=\"elementor-heading-title elementor-size-default\">Servicios integrales para<br>\nun embarazo pleno y seguro<\/h2>\t\t<\/div>\n\t\t\t\t<\/div>\n\t\t\t\t<div class=\"elementor-element elementor-element-5d5241d8 elementor-align-center elementor-invisible elementor-widget elementor-widget-button\" data-id=\"5d5241d8\" data-element_type=\"widget\" data-settings=\"{&quot;_animation&quot;:&quot;fadeInUp&quot;}\" data-widget_type=\"button.default\">\n\t\t\t\t<div class=\"elementor-widget-container\">\n\t\t\t\t\t<div class=\"elementor-button-wrapper\">\n\t\t\t<a class=\"elementor-button elementor-button-link elementor-size-md\" href=\"https:\/\/wa.link\/waa84c\" target=\"_blank\">\n\t\t\t\t\t\t<span class=\"elementor-button-content-wrapper\">\n\t\t\t\t\t\t<span class=\"elementor-button-icon elementor-align-icon-left\">\n\t\t\t\t<i aria-hidden=\"true\" class=\"fab fa-whatsapp\"><\/i>\t\t\t<\/span>\n\t\t\t\t\t\t<span class=\"elementor-button-text\">Agenda tu consulta aqu\u00ed<\/span>\n\t\t<\/span>\n\t\t\t\t\t<\/a>\n\t\t<\/div>\n\t\t\t\t<\/div>\n\t\t\t\t<\/div>\n\t\t\t\t\t<\/div>\n\t\t<\/div>\n\t\t\t\t\t\t\t<\/div>\n\t\t<\/section>\n\t\t<div class=\"elementor-element elementor-element-74ac4f2 e-flex e-con-boxed e-con e-parent\" data-id=\"74ac4f2\" data-element_type=\"container\" data-settings=\"{&quot;content_width&quot;:&quot;boxed&quot;}\" data-core-v316-plus=\"true\">\n\t\t\t\t\t<div class=\"e-con-inner\">\n\t\t\t\t\t<\/div>\n\t\t\t\t<\/div>\n\t\t\t\t\t\t\t<\/div>\n\t\t","protected":false},"excerpt":{"rendered":"<p>Descubre el cuidado que mereces: Servicios ginecol\u00f3gicos que priorizan tu bienestar. Enfrentemos juntas cada etapa de tu salud femenina con profesionalismo, empat\u00eda y comprensi\u00f3n. \u00a1tu salud es nuestra prioridad Agendar cita Servicios y Especialidades Ginecol\u00f3gicas Control ginecol\u00f3gico de rutina No olvidar que Cada mujer debe hacerse un control anual, que consiste en: prevenci\u00f3n de C\u00e1ncer [&hellip;]<\/p>\n","protected":false},"author":1,"featured_media":0,"parent":0,"menu_order":0,"comment_status":"closed","ping_status":"closed","template":"","meta":{"footnotes":"","_joinchat":[]},"acf":[],"_links":{"self":[{"href":"https:\/\/dradanielaarias.com\/index.php\/wp-json\/wp\/v2\/pages\/8575"}],"collection":[{"href":"https:\/\/dradanielaarias.com\/index.php\/wp-json\/wp\/v2\/pages"}],"about":[{"href":"https:\/\/dradanielaarias.com\/index.php\/wp-json\/wp\/v2\/types\/page"}],"author":[{"embeddable":true,"href":"https:\/\/dradanielaarias.com\/index.php\/wp-json\/wp\/v2\/users\/1"}],"replies":[{"embeddable":true,"href":"https:\/\/dradanielaarias.com\/index.php\/wp-json\/wp\/v2\/comments?post=8575"}],"version-history":[{"count":94,"href":"https:\/\/dradanielaarias.com\/index.php\/wp-json\/wp\/v2\/pages\/8575\/revisions"}],"predecessor-version":[{"id":11234,"href":"https:\/\/dradanielaarias.com\/index.php\/wp-json\/wp\/v2\/pages\/8575\/revisions\/11234"}],"wp:attachment":[{"href":"https:\/\/dradanielaarias.com\/index.php\/wp-json\/wp\/v2\/media?parent=8575"}],"curies":[{"name":"wp","href":"https:\/\/api.w.org\/{rel}","templated":true}]}}